{"id":13,"date":"2015-11-08T18:59:36","date_gmt":"2015-11-08T17:59:36","guid":{"rendered":"http:\/\/www.anti-defamation.pl\/english\/?page_id=13"},"modified":"2023-06-29T19:04:52","modified_gmt":"2023-06-29T17:04:52","slug":"fonders","status":"publish","type":"page","link":"https:\/\/rdi.org.pl\/english\/fonders\/","title":{"rendered":"Founders"},"content":{"rendered":"<p>[et_pb_section fb_built=&#8221;1&#8243; custom_padding_last_edited=&#8221;on|phone&#8221; _builder_version=&#8221;4.19.3&#8243; _module_preset=&#8221;default&#8221; background_color=&#8221;rgba(12,12,11,0.51)&#8221; background_image=&#8221;https:\/\/rdi.org.pl\/wp-content\/uploads\/2023\/01\/479-scaled.jpg&#8221; background_blend=&#8221;overlay&#8221; custom_margin=&#8221;0px||0px||false|false&#8221; custom_padding=&#8221;55px||55px||true|false&#8221; custom_padding_tablet=&#8221;130px||110px||false|false&#8221; custom_padding_phone=&#8221;90px||70px||false|false&#8221; da_disable_devices=&#8221;off|off|off&#8221; global_colors_info=&#8221;{}&#8221; da_is_popup=&#8221;off&#8221; da_exit_intent=&#8221;off&#8221; da_has_close=&#8221;on&#8221; da_alt_close=&#8221;off&#8221; da_dark_close=&#8221;off&#8221; da_not_modal=&#8221;on&#8221; da_is_singular=&#8221;off&#8221; da_with_loader=&#8221;off&#8221; da_has_shadow=&#8221;on&#8221;][et_pb_row _builder_version=&#8221;4.19.3&#8243; _module_preset=&#8221;default&#8221; background_enable_color=&#8221;off&#8221; width=&#8221;90%&#8221; max_width=&#8221;1400px&#8221; custom_margin=&#8221;0px|auto|21px|auto|false|false&#8221; custom_padding=&#8221;0px||0px||false|false&#8221; box_shadow_style=&#8221;none&#8221; global_colors_info=&#8221;{}&#8221;][et_pb_column type=&#8221;4_4&#8243; _builder_version=&#8221;4.18.0&#8243; _module_preset=&#8221;default&#8221; global_colors_info=&#8221;{}&#8221;][et_pb_text _builder_version=&#8221;4.20.2&#8243; _module_preset=&#8221;default&#8221; header_4_font=&#8221;|700|||||||&#8221; header_4_text_align=&#8221;left&#8221; header_4_text_color=&#8221;#e71d26&#8243; header_4_font_size=&#8221;22px&#8221; custom_margin=&#8221;0px||9px||false|false&#8221; custom_margin_tablet=&#8221;0px||9px||false|false&#8221; custom_margin_phone=&#8221;0px||10px||false|false&#8221; custom_margin_last_edited=&#8221;on|phone&#8221; custom_padding=&#8221;0px||0px||false|false&#8221; header_4_font_size_tablet=&#8221;20px&#8221; header_4_font_size_phone=&#8221;19px&#8221; header_4_font_size_last_edited=&#8221;on|tablet&#8221; global_colors_info=&#8221;{}&#8221;]<\/p>\n<h4 style=\"text-align: center;\">Polish League Against Defamation<\/h4>\n<p>[\/et_pb_text][et_pb_text _builder_version=&#8221;4.20.2&#8243; _module_preset=&#8221;default&#8221; header_2_font=&#8221;|800|||||||&#8221; header_2_text_align=&#8221;center&#8221; header_2_text_color=&#8221;#FFFFFF&#8221; header_2_font_size=&#8221;47px&#8221; header_2_line_height=&#8221;1.1em&#8221; max_width_tablet=&#8221;100%&#8221; max_width_phone=&#8221;100%&#8221; max_width_last_edited=&#8221;off|desktop&#8221; custom_margin=&#8221;0px||0px||false|false&#8221; custom_padding=&#8221;0px||0px||false|false&#8221; header_2_font_size_tablet=&#8221;47px&#8221; header_2_font_size_phone=&#8221;30px&#8221; header_2_font_size_last_edited=&#8221;on|phone&#8221; global_colors_info=&#8221;{}&#8221;]<\/p>\n<h2><strong>Founders<\/strong><\/h2>\n<p>[\/et_pb_text][\/et_pb_column][\/et_pb_row][\/et_pb_section][et_pb_section fb_built=&#8221;1&#8243; custom_padding_last_edited=&#8221;on|tablet&#8221; _builder_version=&#8221;4.18.0&#8243; _module_preset=&#8221;default&#8221; custom_margin=&#8221;0px|7px|0px||false|false&#8221; custom_padding=&#8221;36px||0px||false|false&#8221; custom_padding_tablet=&#8221;110px||110px||false|false&#8221; custom_padding_phone=&#8221;90px||90px||false|false&#8221; da_disable_devices=&#8221;off|off|off&#8221; global_colors_info=&#8221;{}&#8221; da_is_popup=&#8221;off&#8221; da_exit_intent=&#8221;off&#8221; da_has_close=&#8221;on&#8221; da_alt_close=&#8221;off&#8221; da_dark_close=&#8221;off&#8221; da_not_modal=&#8221;on&#8221; da_is_singular=&#8221;off&#8221; da_with_loader=&#8221;off&#8221; da_has_shadow=&#8221;on&#8221;][et_pb_row column_structure=&#8221;3_4,1_4&#8243; use_custom_gutter=&#8221;on&#8221; _builder_version=&#8221;4.19.3&#8243; _module_preset=&#8221;default&#8221; background_enable_color=&#8221;off&#8221; max_width=&#8221;1400px&#8221; custom_margin=&#8221;0px|auto|53px|auto|false|false&#8221; custom_margin_last_edited=&#8221;off|desktop&#8221; custom_padding=&#8221;0px||0px||false|false&#8221; box_shadow_style=&#8221;none&#8221; global_colors_info=&#8221;{}&#8221;][et_pb_column type=&#8221;3_4&#8243; _builder_version=&#8221;4.19.3&#8243; _module_preset=&#8221;default&#8221; custom_padding=&#8221;15px||||false|false&#8221; custom_padding_tablet=&#8221;0px||||false|false&#8221; custom_padding_phone=&#8221;0px||||false|false&#8221; custom_padding_last_edited=&#8221;on|tablet&#8221; animation_style=&#8221;fade&#8221; animation_speed_curve=&#8221;ease&#8221; global_colors_info=&#8221;{}&#8221;][et_pb_text _builder_version=&#8221;4.19.3&#8243; _module_preset=&#8221;default&#8221; header_2_font=&#8221;|800|||||||&#8221; header_2_text_align=&#8221;left&#8221; header_2_text_color=&#8221;#1a1a1a&#8221; header_2_font_size=&#8221;37px&#8221; header_2_line_height=&#8221;1.1em&#8221; max_width=&#8221;600px&#8221; max_width_tablet=&#8221;100%&#8221; max_width_phone=&#8221;100%&#8221; max_width_last_edited=&#8221;on|tablet&#8221; custom_margin=&#8221;0px||12px||false|false&#8221; custom_padding=&#8221;0px||0px||false|false&#8221; header_2_font_size_tablet=&#8221;47px&#8221; header_2_font_size_phone=&#8221;30px&#8221; header_2_font_size_last_edited=&#8221;on|phone&#8221; global_colors_info=&#8221;{}&#8221;]<\/p>\n<h2><span>J\u00f3zef Orze\u0142<\/span><\/h2>\n<p>[\/et_pb_text][et_pb_text _builder_version=&#8221;4.20.2&#8243; _module_preset=&#8221;default&#8221; text_font=&#8221;|300|||||||&#8221; text_text_color=&#8221;#74787c&#8221; text_font_size=&#8221;18px&#8221; text_line_height=&#8221;1.8em&#8221; width=&#8221;100%&#8221; max_width=&#8221;100%&#8221; max_width_tablet=&#8221;100%&#8221; max_width_phone=&#8221;100%&#8221; max_width_last_edited=&#8221;on|tablet&#8221; custom_margin=&#8221;0px||22px||false|false&#8221; custom_padding=&#8221;0px||0px||false|false&#8221; global_colors_info=&#8221;{}&#8221;]<\/p>\n<p style=\"text-align: justify;\"><strong>J\u00f3zef Orze\u0142<\/strong> &#8211; graduated in 1968 from the Econometrics Department of the Main School of Planning and Statistics in Warsaw. In 1978 he obtained a doctoral degree in philosophy. He conducted publishing activities and managed the joint-stock company Municipium. In 1990 he was among the founders of the political party \u201cPorozumienie Centrum\u201d. In 1991 he was elected as a member of the Polish Parliament, from the list of the \u201cPorozumienie Centrum\u201d candidates. In 1993 he did not stand for re-election, and withdrew from the world of politics. He was the deputy editor-in-chief of the following newspapers: \u201cTygodnik Solidarno\u015b\u0107\u201d and \u201cExpress Wieczorny\u201d.<\/p>\n<p style=\"text-align: justify;\">He expertise are in the promotion and management of projects in the field of \u201celectronic\u201d society and digital education. He is the Vice President of the &#8222;Cities in the Internet&#8221; Association and the Chairman of the &#8222;Coalition for the Development of the Information Society&#8221;. He is a co-founder (together with Rafa\u0142 Ziemkiewicz) of the Ronin Club and its Chairman. He is also one of the two founders (together with Maciej \u015awirski) of \u201cReduta Dobrego Imienia\u201d &#8211; The Polish League Against<\/p>\n<h1><\/h1>\n<p>[\/et_pb_text][\/et_pb_column][et_pb_column type=&#8221;1_4&#8243; _builder_version=&#8221;4.19.3&#8243; _module_preset=&#8221;default&#8221; global_colors_info=&#8221;{}&#8221;][et_pb_image src=&#8221;https:\/\/rdi.org.pl\/wp-content\/uploads\/2023\/01\/Jozef_Orzel.jpg&#8221; title_text=&#8221;J\u00f3zef_Orze\u0142&#8221; align=&#8221;center&#8221; _builder_version=&#8221;4.19.3&#8243; _module_preset=&#8221;default&#8221; width=&#8221;300px&#8221; custom_margin=&#8221;40px||||false|false&#8221; global_colors_info=&#8221;{}&#8221;][\/et_pb_image][\/et_pb_column][\/et_pb_row][et_pb_row column_structure=&#8221;3_4,1_4&#8243; use_custom_gutter=&#8221;on&#8221; disabled_on=&#8221;off|off|off&#8221; _builder_version=&#8221;4.20.2&#8243; _module_preset=&#8221;default&#8221; background_enable_color=&#8221;off&#8221; max_width=&#8221;1400px&#8221; custom_margin=&#8221;0px|auto|53px|auto|false|false&#8221; custom_padding=&#8221;0px||0px||false|false&#8221; box_shadow_style=&#8221;none&#8221; global_colors_info=&#8221;{}&#8221;][et_pb_column type=&#8221;3_4&#8243; _builder_version=&#8221;4.19.3&#8243; _module_preset=&#8221;default&#8221; custom_padding=&#8221;15px||||false|false&#8221; custom_padding_tablet=&#8221;0px||||false|false&#8221; custom_padding_phone=&#8221;0px||||false|false&#8221; custom_padding_last_edited=&#8221;on|tablet&#8221; animation_style=&#8221;fade&#8221; animation_speed_curve=&#8221;ease&#8221; global_colors_info=&#8221;{}&#8221;][et_pb_text _builder_version=&#8221;4.19.3&#8243; _module_preset=&#8221;default&#8221; header_2_font=&#8221;|800|||||||&#8221; header_2_text_align=&#8221;left&#8221; header_2_text_color=&#8221;#1a1a1a&#8221; header_2_font_size=&#8221;37px&#8221; header_2_line_height=&#8221;1.1em&#8221; max_width=&#8221;600px&#8221; max_width_tablet=&#8221;100%&#8221; max_width_phone=&#8221;100%&#8221; max_width_last_edited=&#8221;on|tablet&#8221; custom_margin=&#8221;0px||12px||false|false&#8221; custom_padding=&#8221;0px||0px||false|false&#8221; header_2_font_size_tablet=&#8221;47px&#8221; header_2_font_size_phone=&#8221;30px&#8221; header_2_font_size_last_edited=&#8221;on|phone&#8221; global_colors_info=&#8221;{}&#8221;]<\/p>\n<h2><span>Maciej \u015awirski<\/span><\/h2>\n<p>[\/et_pb_text][et_pb_text _builder_version=&#8221;4.20.2&#8243; _module_preset=&#8221;default&#8221; text_font=&#8221;|300|||||||&#8221; text_text_color=&#8221;#74787c&#8221; text_font_size=&#8221;18px&#8221; text_line_height=&#8221;1.8em&#8221; width=&#8221;100%&#8221; max_width=&#8221;100%&#8221; max_width_tablet=&#8221;100%&#8221; max_width_phone=&#8221;100%&#8221; max_width_last_edited=&#8221;on|tablet&#8221; custom_margin=&#8221;0px||22px||false|false&#8221; custom_padding=&#8221;0px||0px||false|false&#8221; global_colors_info=&#8221;{}&#8221;]<\/p>\n<p style=\"text-align: justify;\"><strong>Maciej \u015awirski<\/strong> \u2013 is a graduate of the University of Warsaw, PMTP University of Wisconsin (Milwaukee), has an MBA degree from Ko\u017ami\u0144ski University. He has extensive experience in management. He has worked in a number of Polish and foreign companies in the field of new technology, between 2006-2009 he was the Vice President of the Management Board of the Polish Press Agency SA, where he was responsible for technology, finance and the Internet activity of the Company. Currently, he is the Vice Chairman of the Supervisory Board of the Polish Press Agency. Between November 2016 and July 2018 he was the Vice President of the Polish National Foundation.<\/p>\n<p style=\"text-align: justify;\">He is a political blogger (he publishes on Salon24.pl and wpolityce.pl). He works voluntarily in several areas related to social activity in order to promote increased community participation within Poland. Examples of these initiatives are: the Citizens 'Commission for National Education, the Citizens&#8217; Movement for the Monitoring of Elections. He is also one of the originators of the renewal of the tradition for recreating the Mystery of the Lord&#8217;s Passion in G\u00f3ra Kalwaria, and for three years he was the Deputy Superior of the Brotherhood of the Mystery of the Lord&#8217;s Passion in G\u00f3ra Kalwaria.<\/p>\n<p style=\"text-align: justify;\">In addition to blog publications, he published a novel &#8222;Tytu\u0142 Zast\u0119pczy&#8221; (a Substitute Title), which describes life under martial law in a non-martyrological way.<\/p>\n<p style=\"text-align: justify;\">He is the founder of the \u201cReduta Dobrego Imienia\u201d &#8211; The Polish League agains<\/p>\n<p>[\/et_pb_text][\/et_pb_column][et_pb_column type=&#8221;1_4&#8243; _builder_version=&#8221;4.19.3&#8243; _module_preset=&#8221;default&#8221; global_colors_info=&#8221;{}&#8221;][et_pb_image src=&#8221;https:\/\/rdi.org.pl\/wp-content\/uploads\/2023\/02\/image.png&#8221; title_text=&#8221;image&#8221; align=&#8221;center&#8221; _builder_version=&#8221;4.19.3&#8243; _module_preset=&#8221;default&#8221; width=&#8221;300px&#8221; custom_margin=&#8221;40px||||false|false&#8221; global_colors_info=&#8221;{}&#8221;][\/et_pb_image][\/et_pb_column][\/et_pb_row][\/et_pb_section]<\/p>\n","protected":false},"excerpt":{"rendered":"<p>Polish League Against DefamationFoundersJ\u00f3zef Orze\u0142J\u00f3zef Orze\u0142 &#8211; graduated in 1968 from the Econometrics Department of the Main School of Planning and Statistics in Warsaw. In 1978 he obtained a doctoral degree in philosophy. He conducted publishing activities and managed the joint-stock company Municipium. In 1990 he was among the founders of the political party \u201cPorozumienie [&hellip;]<\/p>\n","protected":false},"author":3,"featured_media":471295,"parent":0,"menu_order":0,"comment_status":"closed","ping_status":"closed","template":"","meta":{"_et_pb_use_builder":"on","_et_pb_old_content":"<img class=\"size-full wp-image-1869 alignleft\" src=\"http:\/\/www.anti-defamation.pl\/english\/wp-content\/uploads\/2015\/11\/jozefOrzel2.jpg\" alt=\"\" width=\"150\" height=\"149\" \/>\n\n<strong>Founders<\/strong>\n\n<strong>J\u00f3zef Orze\u0142<\/strong> - graduated in 1968 from the Econometrics Department of the Main School of Planning and Statistics in Warsaw. In 1978 he obtained a doctoral degree in philosophy. He conducted publishing activities and managed the joint-stock company Municipium. In 1990 he was among the founders of the political party \u201cPorozumienie Centrum\u201d. In 1991 he was elected as a member of the Polish Parliament, from the list of the \u201cPorozumienie Centrum\u201d candidates. In 1993 he did not stand for re-election, and withdrew from the world of politics. He was the deputy editor-in-chief of the following newspapers: \u201cTygodnik Solidarno\u015b\u0107\u201d and \u201cExpress Wieczorny\u201d.\n\nHe expertise are in the promotion and management of projects in the field of \u201celectronic\u201d society and digital education. He is the Vice President of the \"Cities in the Internet\" Association and the Chairman of the \"Coalition for the Development of the Information Society\". He is a co-founder (together with Rafa\u0142 Ziemkiewicz) of the Ronin Club and its Chairman. He is also one of the two founders (together with Maciej \u015awirski) of \u201cReduta Dobrego Imienia\u201d - The Polish League Against\n<h1><\/h1>\n<img class=\"wp-image-4096 alignleft\" src=\"https:\/\/rdi.org.pl\/english\/wp-content\/uploads\/2019\/05\/60.jpg\" alt=\"\" width=\"145\" height=\"201\" \/>\n\n<strong>Maciej \u015awirski<\/strong> \u2013 is a graduate of the University of Warsaw, PMTP University of Wisconsin (Milwaukee), has an MBA degree from Ko\u017ami\u0144ski University. He has extensive experience in management. He has worked in a number of Polish and foreign companies in the field of new technology, between 2006-2009 he was the Vice President of the Management Board of the Polish Press Agency SA, where he was responsible for technology, finance and the Internet activity of the Company. Currently, he is the Vice Chairman of the Supervisory Board of the Polish Press Agency. Between November 2016 and July 2018 he was the Vice President of the Polish National Foundation.\n\nHe is a political blogger (he publishes on Salon24.pl and wpolityce.pl). He works voluntarily in several areas related to social activity in order to promote increased community participation within Poland. Examples of these initiatives are: the Citizens 'Commission for National Education, the Citizens' Movement for the Monitoring of Elections. He is also one of the originators of the renewal of the tradition for recreating the Mystery of the Lord's Passion in G\u00f3ra Kalwaria, and for three years he was the Deputy Superior of the Brotherhood of the Mystery of the Lord's Passion in G\u00f3ra Kalwaria.\n\nIn addition to blog publications, he published a novel \"Tytu\u0142 Zast\u0119pczy\" (a Substitute Title), which describes life under martial law in a non-martyrological way.\n\nHe is the founder of the \u201cReduta Dobrego Imienia\u201d - The Polish League agains","_et_gb_content_width":"","sfsi_plus_gutenberg_text_before_share":"","sfsi_plus_gutenberg_show_text_before_share":"","sfsi_plus_gutenberg_icon_type":"","sfsi_plus_gutenberg_icon_alignemt":"","sfsi_plus_gutenburg_max_per_row":"","footnotes":""},"class_list":["post-13","page","type-page","status-publish","has-post-thumbnail","hentry"],"_links":{"self":[{"href":"https:\/\/rdi.org.pl\/english\/wp-json\/wp\/v2\/pages\/13","targetHints":{"allow":["GET"]}}],"collection":[{"href":"https:\/\/rdi.org.pl\/english\/wp-json\/wp\/v2\/pages"}],"about":[{"href":"https:\/\/rdi.org.pl\/english\/wp-json\/wp\/v2\/types\/page"}],"author":[{"embeddable":true,"href":"https:\/\/rdi.org.pl\/english\/wp-json\/wp\/v2\/users\/3"}],"replies":[{"embeddable":true,"href":"https:\/\/rdi.org.pl\/english\/wp-json\/wp\/v2\/comments?post=13"}],"version-history":[{"count":13,"href":"https:\/\/rdi.org.pl\/english\/wp-json\/wp\/v2\/pages\/13\/revisions"}],"predecessor-version":[{"id":472279,"href":"https:\/\/rdi.org.pl\/english\/wp-json\/wp\/v2\/pages\/13\/revisions\/472279"}],"wp:featuredmedia":[{"embeddable":true,"href":"https:\/\/rdi.org.pl\/english\/wp-json\/wp\/v2\/media\/471295"}],"wp:attachment":[{"href":"https:\/\/rdi.org.pl\/english\/wp-json\/wp\/v2\/media?parent=13"}],"curies":[{"name":"wp","href":"https:\/\/api.w.org\/{rel}","templated":true}]}}