{"id":388,"date":"2023-01-02T17:56:19","date_gmt":"2023-01-02T16:56:19","guid":{"rendered":"https:\/\/rdi.org.pl\/?page_id=388"},"modified":"2023-11-03T10:32:34","modified_gmt":"2023-11-03T09:32:34","slug":"court-proceeding","status":"publish","type":"page","link":"https:\/\/rdi.org.pl\/english\/court-proceeding\/","title":{"rendered":"Court proceeding"},"content":{"rendered":"<p>[et_pb_section fb_built=&#8221;1&#8243; custom_padding_last_edited=&#8221;on|phone&#8221; _builder_version=&#8221;4.19.3&#8243; _module_preset=&#8221;default&#8221; background_color=&#8221;rgba(12,12,11,0.52)&#8221; background_image=&#8221;https:\/\/rdi.org.pl\/wp-content\/uploads\/2023\/01\/479-scaled.jpg&#8221; background_blend=&#8221;overlay&#8221; custom_margin=&#8221;0px||0px||false|false&#8221; custom_padding=&#8221;55px||55px||true|false&#8221; custom_padding_tablet=&#8221;130px||110px||false|false&#8221; custom_padding_phone=&#8221;90px||70px||false|false&#8221; da_disable_devices=&#8221;off|off|off&#8221; global_colors_info=&#8221;{}&#8221; da_is_popup=&#8221;off&#8221; da_exit_intent=&#8221;off&#8221; da_has_close=&#8221;on&#8221; da_alt_close=&#8221;off&#8221; da_dark_close=&#8221;off&#8221; da_not_modal=&#8221;on&#8221; da_is_singular=&#8221;off&#8221; da_with_loader=&#8221;off&#8221; da_has_shadow=&#8221;on&#8221;][et_pb_row _builder_version=&#8221;4.19.3&#8243; _module_preset=&#8221;default&#8221; background_enable_color=&#8221;off&#8221; width=&#8221;90%&#8221; max_width=&#8221;1400px&#8221; custom_margin=&#8221;0px||48px||false|false&#8221; custom_padding=&#8221;0px||0px||false|false&#8221; box_shadow_style=&#8221;none&#8221; global_colors_info=&#8221;{}&#8221;][et_pb_column type=&#8221;4_4&#8243; _builder_version=&#8221;4.18.0&#8243; _module_preset=&#8221;default&#8221; global_colors_info=&#8221;{}&#8221;][et_pb_text _builder_version=&#8221;4.20.2&#8243; _module_preset=&#8221;default&#8221; header_4_font=&#8221;|700|||||||&#8221; header_4_text_align=&#8221;left&#8221; header_4_text_color=&#8221;#e71d26&#8243; header_4_font_size=&#8221;22px&#8221; custom_margin=&#8221;0px||9px||false|false&#8221; custom_margin_tablet=&#8221;0px||9px||false|false&#8221; custom_margin_phone=&#8221;0px||10px||false|false&#8221; custom_margin_last_edited=&#8221;on|phone&#8221; custom_padding=&#8221;0px||0px||false|false&#8221; header_4_font_size_tablet=&#8221;20px&#8221; header_4_font_size_phone=&#8221;19px&#8221; header_4_font_size_last_edited=&#8221;on|tablet&#8221; global_colors_info=&#8221;{}&#8221;]<\/p>\n<h4 style=\"text-align: center;\">Polish League Against Defamation<\/h4>\n<p>[\/et_pb_text][et_pb_text _builder_version=&#8221;4.20.2&#8243; _module_preset=&#8221;default&#8221; header_2_font=&#8221;|800|||||||&#8221; header_2_text_align=&#8221;center&#8221; header_2_text_color=&#8221;#FFFFFF&#8221; header_2_font_size=&#8221;47px&#8221; header_2_line_height=&#8221;1.1em&#8221; max_width_tablet=&#8221;100%&#8221; max_width_phone=&#8221;100%&#8221; max_width_last_edited=&#8221;off|desktop&#8221; custom_margin=&#8221;0px||0px||false|false&#8221; custom_padding=&#8221;0px||0px||false|false&#8221; header_2_font_size_tablet=&#8221;47px&#8221; header_2_font_size_phone=&#8221;30px&#8221; header_2_font_size_last_edited=&#8221;on|phone&#8221; global_colors_info=&#8221;{}&#8221;]<\/p>\n<h2><strong>Legal proceedings<\/strong><\/h2>\n<p>[\/et_pb_text][\/et_pb_column][\/et_pb_row][\/et_pb_section][et_pb_section fb_built=&#8221;1&#8243; custom_padding_last_edited=&#8221;on|tablet&#8221; _builder_version=&#8221;4.18.0&#8243; _module_preset=&#8221;default&#8221; custom_margin=&#8221;0px|7px|0px||false|false&#8221; custom_padding=&#8221;36px||0px||false|false&#8221; custom_padding_tablet=&#8221;110px||110px||false|false&#8221; custom_padding_phone=&#8221;90px||90px||false|false&#8221; da_disable_devices=&#8221;off|off|off&#8221; global_colors_info=&#8221;{}&#8221; da_is_popup=&#8221;off&#8221; da_exit_intent=&#8221;off&#8221; da_has_close=&#8221;on&#8221; da_alt_close=&#8221;off&#8221; da_dark_close=&#8221;off&#8221; da_not_modal=&#8221;on&#8221; da_is_singular=&#8221;off&#8221; da_with_loader=&#8221;off&#8221; da_has_shadow=&#8221;on&#8221;][et_pb_row use_custom_gutter=&#8221;on&#8221; _builder_version=&#8221;4.19.3&#8243; _module_preset=&#8221;default&#8221; background_enable_color=&#8221;off&#8221; max_width=&#8221;1400px&#8221; custom_margin=&#8221;0px|auto|1px|auto|false|false&#8221; custom_margin_last_edited=&#8221;off|desktop&#8221; custom_padding=&#8221;0px||0px||false|false&#8221; box_shadow_style=&#8221;none&#8221; global_colors_info=&#8221;{}&#8221;][et_pb_column type=&#8221;4_4&#8243; _builder_version=&#8221;4.19.3&#8243; _module_preset=&#8221;default&#8221; custom_padding=&#8221;15px||||false|false&#8221; custom_padding_tablet=&#8221;0px||||false|false&#8221; custom_padding_phone=&#8221;0px||||false|false&#8221; custom_padding_last_edited=&#8221;on|tablet&#8221; animation_style=&#8221;fade&#8221; animation_speed_curve=&#8221;ease&#8221; global_colors_info=&#8221;{}&#8221;][et_pb_text disabled_on=&#8221;off|off|off&#8221; _builder_version=&#8221;4.20.2&#8243; _module_preset=&#8221;default&#8221; text_font=&#8221;|300|||||||&#8221; text_text_color=&#8221;#74787c&#8221; text_font_size=&#8221;18px&#8221; text_line_height=&#8221;1.8em&#8221; width=&#8221;100%&#8221; max_width=&#8221;100%&#8221; max_width_tablet=&#8221;100%&#8221; max_width_phone=&#8221;100%&#8221; max_width_last_edited=&#8221;on|tablet&#8221; custom_margin=&#8221;0px||22px||false|false&#8221; custom_padding=&#8221;0px||0px||false|false&#8221; global_colors_info=&#8221;{}&#8221;]<\/p>\n<p style=\"text-align: justify;\"><span>Polish League Against Defamation supports legally and financially important lawsuits. We help those who claim their good name and truth in court. The RDI&#8217;s activities are also aimed at defending the cult of memory of the deceased, who previously did not live to see their good name restored or the consequences of the infringement of their personal goods removed.<\/span><\/p>\n<p style=\"text-align: justify;\"><span>The spread of false information affects the reputation of Poland and Poles, which is why the Polish League Against Defamation bears the costs of important court cases, both legal and administrative, as well as the costs of experts&#8217; and historians&#8217; opinions, in order to be able to fight for the truth .<\/span><\/p>\n<p style=\"text-align: justify;\"><span>We have developed a certain legal doctrine that will allow all Poles to defend their good name against those who accuse the entire Polish Nation and Polish State of, for example, perpetrating the Holocaust. Let us remember that the truth about the Second World War, the truth about who was its perpetrator, belongs not only to us, but to all the murdered, the Victims of that war. Any falsification of the truth by attributing the perpetration of the Holocaust to Poles is also an insult to the memory of the Victims, after whom only ashes and pain caused by their absence from Polish life remain. This is why our fight for the good name is so important both from the point of view of the individual and of the nation as a whole.\u00a0 Taking care of personal goods such as the right to an unadulterated history and national pride, and the right to respect the truth about the actions of Poles during World War II are factors shaping national identity and a sense of national dignity.<\/span><\/p>\n<p style=\"text-align: justify;\"><span role=\"presentation\" dir=\"ltr\">The Polish League Against Defamation&#8217;s track record includes the development of <\/span><span role=\"presentation\" dir=\"ltr\">a legal doctrine, confirmed by court judgments, stating that Polish courts have <\/span><span role=\"presentation\" dir=\"ltr\">jurisdiction to proceed against foreign media in Polish courts, based on Polish <\/span><span role=\"presentation\" dir=\"ltr\">press and civil law. This applies to the judgment in the case of the film &#8222;Our <\/span><span role=\"presentation\" dir=\"ltr\">Mothers Our Fathers.&#8221;<\/span><\/p>\n<p style=\"text-align: justify;\"><span role=\"presentation\" dir=\"ltr\">Another element of the developed legal doctrine is the right to honor the memory <\/span><span role=\"presentation\" dir=\"ltr\">of ancestors treated as a personal good, and consequently the emergence of the <\/span><span role=\"presentation\" dir=\"ltr\">possibility of defending the good name of Poland and Poles under the provisions <\/span><span role=\"presentation\" dir=\"ltr\">of the Civil Code. An example of such a case is the final judgment of the district <\/span><span role=\"presentation\" dir=\"ltr\">court in Warsaw in the case of Krystian Brodacki against the Onet portal, which <\/span><span role=\"presentation\" dir=\"ltr\">RDI fully supported and legally instrumented, resulting in a judgment awarding <\/span><span role=\"presentation\" dir=\"ltr\">compensation to the plaintiff.<\/span><\/p>\n<p style=\"text-align: justify;\"><span role=\"presentation\" dir=\"ltr\"><\/span><\/p>\n<p style=\"text-align: justify;\"><span role=\"presentation\" dir=\"ltr\"><\/span><\/p>\n<p>[\/et_pb_text][et_pb_text _builder_version=&#8221;4.20.2&#8243; _module_preset=&#8221;default&#8221; header_2_font=&#8221;|800|||||||&#8221; header_2_text_align=&#8221;left&#8221; header_2_text_color=&#8221;#1a1a1a&#8221; header_2_font_size=&#8221;37px&#8221; header_2_line_height=&#8221;1.1em&#8221; max_width_tablet=&#8221;100%&#8221; max_width_phone=&#8221;100%&#8221; max_width_last_edited=&#8221;on|tablet&#8221; custom_margin=&#8221;0px||12px||false|false&#8221; custom_padding=&#8221;0px||0px||false|false&#8221; header_2_font_size_tablet=&#8221;47px&#8221; header_2_font_size_phone=&#8221;30px&#8221; header_2_font_size_last_edited=&#8221;on|phone&#8221; global_colors_info=&#8221;{}&#8221;]<\/p>\n<h2><span>Cases in progress<\/span><\/h2>\n<p>[\/et_pb_text][et_pb_blog fullwidth=&#8221;off&#8221; posts_number=&#8221;9&#8243; include_categories=&#8221;53&#8243; show_author=&#8221;off&#8221; show_date=&#8221;off&#8221; use_overlay=&#8221;on&#8221; overlay_icon_color=&#8221;RGBA(255,255,255,0)&#8221; hover_overlay_color=&#8221;RGBA(255,255,255,0)&#8221; module_class=&#8221;postepowania-podstrona&#8221; _builder_version=&#8221;4.20.2&#8243; _module_preset=&#8221;default&#8221; header_font=&#8221;||||||||&#8221; header_font_size=&#8221;22px&#8221; header_line_height=&#8221;1.6em&#8221; body_font=&#8221;||||||||&#8221; body_font_size=&#8221;16px&#8221; body_line_height=&#8221;1.8em&#8221; meta_font=&#8221;Catamaran||||||||&#8221; meta_text_align=&#8221;left&#8221; meta_text_color=&#8221;#e02b20&#8243; pagination_font=&#8221;Catamaran|600|||||||&#8221; pagination_text_color=&#8221;#e71d26&#8243; pagination_font_size=&#8221;21px&#8221; pagination_line_height=&#8221;1.8em&#8221; custom_padding=&#8221;|0px||0px|true|true&#8221; custom_css_post_meta=&#8221;color:#fff;&#8221; border_color_all=&#8221;#FFFFFF&#8221; global_colors_info=&#8221;{}&#8221; pagination_text_color__hover=&#8221;#FFFFFF&#8221; pagination_text_color__hover_enabled=&#8221;on|desktop&#8221;][\/et_pb_blog][\/et_pb_column][\/et_pb_row][et_pb_row use_custom_gutter=&#8221;on&#8221; module_class=&#8221;postepowania-podstrona&#8221; _builder_version=&#8221;4.19.3&#8243; _module_preset=&#8221;default&#8221; background_enable_color=&#8221;off&#8221; max_width=&#8221;1400px&#8221; custom_margin=&#8221;0px|auto|1px|auto|false|false&#8221; custom_padding=&#8221;0px||0px||false|false&#8221; box_shadow_style=&#8221;none&#8221; global_colors_info=&#8221;{}&#8221;][et_pb_column type=&#8221;4_4&#8243; _builder_version=&#8221;4.19.3&#8243; _module_preset=&#8221;default&#8221; custom_padding=&#8221;15px||||false|false&#8221; custom_padding_tablet=&#8221;0px||||false|false&#8221; custom_padding_phone=&#8221;0px||||false|false&#8221; custom_padding_last_edited=&#8221;on|tablet&#8221; animation_style=&#8221;fade&#8221; animation_speed_curve=&#8221;ease&#8221; global_colors_info=&#8221;{}&#8221;][et_pb_text _builder_version=&#8221;4.20.2&#8243; _module_preset=&#8221;default&#8221; header_2_font=&#8221;|800|||||||&#8221; header_2_text_align=&#8221;left&#8221; header_2_text_color=&#8221;#1a1a1a&#8221; header_2_font_size=&#8221;37px&#8221; header_2_line_height=&#8221;1.1em&#8221; max_width_tablet=&#8221;100%&#8221; max_width_phone=&#8221;100%&#8221; max_width_last_edited=&#8221;on|tablet&#8221; custom_margin=&#8221;0px||12px||false|false&#8221; custom_padding=&#8221;0px||26px||false|false&#8221; header_2_font_size_tablet=&#8221;47px&#8221; header_2_font_size_phone=&#8221;30px&#8221; header_2_font_size_last_edited=&#8221;on|phone&#8221; global_colors_info=&#8221;{}&#8221;]<\/p>\n<h2><span>Won lawsuits. Final judgments.<\/span><\/h2>\n<p>[\/et_pb_text][et_pb_text disabled_on=&#8221;off|off|off&#8221; _builder_version=&#8221;4.20.2&#8243; _module_preset=&#8221;default&#8221; text_font=&#8221;|300|||||||&#8221; text_text_color=&#8221;#74787c&#8221; text_font_size=&#8221;18px&#8221; text_line_height=&#8221;1.8em&#8221; width=&#8221;100%&#8221; max_width=&#8221;100%&#8221; max_width_tablet=&#8221;100%&#8221; max_width_phone=&#8221;100%&#8221; max_width_last_edited=&#8221;on|tablet&#8221; custom_margin=&#8221;0px||22px||false|false&#8221; custom_padding=&#8221;0px||0px||false|false&#8221; hover_enabled=&#8221;0&#8243; global_colors_info=&#8221;{}&#8221; sticky_enabled=&#8221;0&#8243;]<\/p>\n<p style=\"text-align: justify;\"><span>The case of the Bak family and an article published in the Wprost weekly entitled &#8222;License to kill&#8221; discussing the book &#8222;Birds of Prey. The story of Lucjan &#8222;S\u0119p&#8221; Wi\u015bniewski, liquidator from the counter-intelligence of the AK&#8221; slandering the Bak brothers&#8217; family.<\/span><\/p>\n<p style=\"text-align: justify;\"><span>The case of Krystian Brodacki, whose mother was killed in an execution carried out by the Germans in Palmiry. The Onet.pl portal, which illustrated an article about Polish women&#8217;s love affairs with Germans and prostitution during the Second World War with a photograph of women being led to their execution at Palmiry, had to publish an apology and pay 50,000 PLN in compensation.<\/span><\/p>\n<p style=\"text-align: justify;\"><span>The case of the over 90-year-old Home Army soldier W\u0142odzimierz Pajdowski. In the light of the IPN files, it turned out that the accusations were untrue. The Regional Court in \u0141\u00f3d\u017a awarded an apology and compensation in the requested amount of PLN 20,000.<\/span><\/p>\n<p style=\"text-align: justify;\"><span>The case of Maciej \u015awirski vs Newsweek.pl over the use of the phrase 'Polish concentration camps&#8217; in Paula Szewczyk&#8217;s article on the book 'Little Crime&#8217;. <\/span>The court ordered Newsweek.pl to publish a correction.<\/p>\n<p style=\"text-align: justify;\"><span>Natalia Nitek-Pla\u017cy\u0144ska&#8217;s case against Hans G., a German entrepreneur, for, among other things, hate speech towards Poles. Natalia Nitek had been verbally harassed for several months at the Pomeranian company POS System by its owner Hans G. According to the judgment of the Regional Court in Gda\u0144sk, Hans G. was obliged to apologise to Natalia Nitek-P\u0142a\u017cy\u0144ska and to pay PLN 50 000 to the Pia\u015bnickie Museum in Wejherowo. In his justification of the verdict, Judge Piotr Kowalski emphasised the historical roots of the racial prejudice and racial superiority of Germans that Hans G. presented.<\/span><\/p>\n<p style=\"text-align: justify;\"><span>He also succeeded in having the slanderous photograph in the Jewish News removed by a decision of the District Court in Warsaw, together with a description which implied that Poles were complicit in the Holocaust.<\/span><\/p>\n<p style=\"text-align: justify;\"><span>It was also successful in rejecting a lawsuit by the Frankfurter Allgemaine Zeitung against the RDI for refusing to correct the information. By filing the lawsuit before the German court, the FAZ tried to intimidate us and, in view of RDI&#8217;s joining the case, to charge us with high court costs.<\/span><\/p>\n<p>[\/et_pb_text][et_pb_blog fullwidth=&#8221;off&#8221; posts_number=&#8221;9&#8243; include_categories=&#8221;51&#8243; show_author=&#8221;off&#8221; show_date=&#8221;off&#8221; use_overlay=&#8221;on&#8221; overlay_icon_color=&#8221;RGBA(255,255,255,0)&#8221; hover_overlay_color=&#8221;RGBA(255,255,255,0)&#8221; _builder_version=&#8221;4.20.2&#8243; _module_preset=&#8221;default&#8221; header_font=&#8221;||||||||&#8221; header_font_size=&#8221;22px&#8221; header_line_height=&#8221;1.6em&#8221; body_font=&#8221;||||||||&#8221; body_font_size=&#8221;16px&#8221; body_line_height=&#8221;1.8em&#8221; meta_font=&#8221;Catamaran||||||||&#8221; meta_text_align=&#8221;left&#8221; meta_text_color=&#8221;#e02b20&#8243; pagination_font=&#8221;Catamaran|600|||||||&#8221; pagination_text_color=&#8221;#e71d26&#8243; pagination_font_size=&#8221;21px&#8221; pagination_line_height=&#8221;1.8em&#8221; custom_padding=&#8221;|0px||0px|true|true&#8221; custom_css_post_meta=&#8221;color:#fff;&#8221; border_color_all=&#8221;#FFFFFF&#8221; global_colors_info=&#8221;{}&#8221; pagination_text_color__hover=&#8221;#FFFFFF&#8221; pagination_text_color__hover_enabled=&#8221;on|desktop&#8221;][\/et_pb_blog][et_pb_text _builder_version=&#8221;4.20.2&#8243; _module_preset=&#8221;default&#8221; header_2_font=&#8221;|800|||||||&#8221; header_2_text_align=&#8221;left&#8221; header_2_text_color=&#8221;#1a1a1a&#8221; header_2_font_size=&#8221;37px&#8221; header_2_line_height=&#8221;1.1em&#8221; max_width_tablet=&#8221;100%&#8221; max_width_phone=&#8221;100%&#8221; max_width_last_edited=&#8221;on|tablet&#8221; custom_margin=&#8221;0px||12px||false|false&#8221; custom_padding=&#8221;0px||35px||false|false&#8221; header_2_font_size_tablet=&#8221;47px&#8221; header_2_font_size_phone=&#8221;30px&#8221; header_2_font_size_last_edited=&#8221;on|phone&#8221; global_colors_info=&#8221;{}&#8221;]<\/p>\n<h2 class=\"tw-data-text tw-text-large tw-ta\" data-placeholder=\"T\u0142umaczenie\" id=\"tw-target-text\" dir=\"ltr\"><b data-stringify-type=\"bold\">Won lawsuits, appealable sentence<\/b><\/h2>\n<p>[\/et_pb_text][et_pb_blog fullwidth=&#8221;off&#8221; posts_number=&#8221;9&#8243; include_categories=&#8221;52&#8243; show_author=&#8221;off&#8221; show_date=&#8221;off&#8221; use_overlay=&#8221;on&#8221; overlay_icon_color=&#8221;RGBA(255,255,255,0)&#8221; hover_overlay_color=&#8221;RGBA(255,255,255,0)&#8221; _builder_version=&#8221;4.20.2&#8243; _module_preset=&#8221;default&#8221; header_font=&#8221;||||||||&#8221; header_font_size=&#8221;22px&#8221; header_line_height=&#8221;1.6em&#8221; body_font=&#8221;||||||||&#8221; body_font_size=&#8221;16px&#8221; body_line_height=&#8221;1.8em&#8221; meta_font=&#8221;Catamaran||||||||&#8221; meta_text_align=&#8221;left&#8221; meta_text_color=&#8221;#e02b20&#8243; pagination_font=&#8221;Catamaran|600|||||||&#8221; pagination_text_color=&#8221;#e71d26&#8243; pagination_font_size=&#8221;21px&#8221; pagination_line_height=&#8221;1.8em&#8221; custom_padding=&#8221;|0px||0px|true|true&#8221; custom_css_post_meta=&#8221;color:#fff;&#8221; border_color_all=&#8221;#FFFFFF&#8221; global_colors_info=&#8221;{}&#8221; pagination_text_color__hover=&#8221;#FFFFFF&#8221; pagination_text_color__hover_enabled=&#8221;on|desktop&#8221;][\/et_pb_blog][\/et_pb_column][\/et_pb_row][\/et_pb_section]<\/p>\n","protected":false},"excerpt":{"rendered":"<p>Polish League Against DefamationLegal proceedingsPolish League Against Defamation supports legally and financially important lawsuits. We help those who claim their good name and truth in court. The RDI&#8217;s activities are also aimed at defending the cult of memory of the deceased, who previously did not live to see their good name restored or the consequences [&hellip;]<\/p>\n","protected":false},"author":1,"featured_media":471295,"parent":0,"menu_order":0,"comment_status":"closed","ping_status":"closed","template":"","meta":{"_et_pb_use_builder":"on","_et_pb_old_content":"","_et_gb_content_width":"","sfsi_plus_gutenberg_text_before_share":"","sfsi_plus_gutenberg_show_text_before_share":"","sfsi_plus_gutenberg_icon_type":"","sfsi_plus_gutenberg_icon_alignemt":"","sfsi_plus_gutenburg_max_per_row":"","footnotes":""},"class_list":["post-388","page","type-page","status-publish","has-post-thumbnail","hentry"],"_links":{"self":[{"href":"https:\/\/rdi.org.pl\/english\/wp-json\/wp\/v2\/pages\/388","targetHints":{"allow":["GET"]}}],"collection":[{"href":"https:\/\/rdi.org.pl\/english\/wp-json\/wp\/v2\/pages"}],"about":[{"href":"https:\/\/rdi.org.pl\/english\/wp-json\/wp\/v2\/types\/page"}],"author":[{"embeddable":true,"href":"https:\/\/rdi.org.pl\/english\/wp-json\/wp\/v2\/users\/1"}],"replies":[{"embeddable":true,"href":"https:\/\/rdi.org.pl\/english\/wp-json\/wp\/v2\/comments?post=388"}],"version-history":[{"count":66,"href":"https:\/\/rdi.org.pl\/english\/wp-json\/wp\/v2\/pages\/388\/revisions"}],"predecessor-version":[{"id":472768,"href":"https:\/\/rdi.org.pl\/english\/wp-json\/wp\/v2\/pages\/388\/revisions\/472768"}],"wp:featuredmedia":[{"embeddable":true,"href":"https:\/\/rdi.org.pl\/english\/wp-json\/wp\/v2\/media\/471295"}],"wp:attachment":[{"href":"https:\/\/rdi.org.pl\/english\/wp-json\/wp\/v2\/media?parent=388"}],"curies":[{"name":"wp","href":"https:\/\/api.w.org\/{rel}","templated":true}]}}