{"id":470946,"date":"2016-10-26T10:12:46","date_gmt":"2016-10-26T10:12:46","guid":{"rendered":"http:\/\/www.anti-defamation.pl\/english\/?page_id=773"},"modified":"2016-10-26T10:12:46","modified_gmt":"2016-10-26T10:12:46","slug":"dla-mediow","status":"publish","type":"page","link":"https:\/\/rdi.org.pl\/english\/dla-mediow\/","title":{"rendered":"Media Contact"},"content":{"rendered":"<p><strong>Media contact:<\/strong><\/p>\n<p>Office number: + 48 570 226 122<\/p>\n<p>Reduta Dobrego Imienia &#8211; \u00a0The Polish League against Defamation Foundation<\/p>\n<p><a href=\"mailto:kontakt@reduta-dobrego-imienia.pl\">kontakt@reduta-dobrego-imienia.pl<\/a><\/p>\n<p>Press releases:<\/p>\n<ul>\n<li><a href=\"http:\/\/www.anti-defamation.pl\/english\/wp-content\/uploads\/2016\/10\/2018-04-17-informacja-prasowa-ropzrawa-NMNO-videokonferencja-2.pdf\">2018-04-17 Rozprawa &#8222;Nasze matki, nasi ojcowie&#8221;: zeznania wsp\u00f3\u0142producenta, prezesa UFA Fiction<\/a><\/li>\n<li><a href=\"http:\/\/www.anti-defamation.pl\/english\/wp-content\/uploads\/2016\/10\/2018-03-13-informacja-prasowa-ropzrawa-NMNO-videokonferencja.pdf\">2018-03-13 Rozprawa &#8222;Nasze matki, nasi ojcowie&#8221;: konsultant historyczny nagle przerywa zeznania<\/a><\/li>\n<li><a href=\"http:\/\/www.anti-defamation.pl\/english\/wp-content\/uploads\/2018\/03\/2018-03-06-EN-Statement-of-the-RDI-the-claim-brought-in-against-Pagina12.pdf\">2018-03-06 EN Statement of the RDI the claim brought in against Pagina12<\/a><\/li>\n<li><a href=\"http:\/\/www.anti-defamation.pl\/english\/wp-content\/uploads\/2016\/10\/2018-03-05-informacja-prasowa-oswiadczenie-w-sprawie-pozwu-Pagina12-1.pdf\">2018-03-05 O\u015bwiadczenie RDI w sprawie pozwu przeciwko Pagina12<\/a><\/li>\n<li><a href=\"http:\/\/www.anti-defamation.pl\/english\/wp-content\/uploads\/2016\/10\/2018-03-02-informacja-prasowa-pozew-w-obronie-\u017bolnierzy-Wykletych.pdf\">2018-03-02 Pozew przeciwko Pagina12 w obronie \u017bo\u0142nierzy Wykl\u0119tych<\/a><\/li>\n<li><a href=\"http:\/\/www.anti-defamation.pl\/english\/wp-content\/uploads\/2018\/02\/2018-02-22-stanowisko-RDI-w-sprawie-s\u0142\u00f3w-Premiera-wyg\u0142oszonych-na-konferencji-w-Monachium.pdf\">2018-02-22 Stanowisko RDI w sprawie s\u0142\u00f3w Premiera wyg\u0142oszonych na konferencji w Monachium<\/a><\/li>\n<li><a href=\"http:\/\/www.anti-defamation.pl\/english\/wp-content\/uploads\/2016\/10\/2018-01-18-informacja-prasowa-ropzrawa-NMNO-biegly.pdf\">2018-01-18 Bieg\u0142y filmoznawca zeznawa\u0142 podczas rozprawy dotycz\u0105cej filmu &#8222;Nasze matki, nasi ojcowie&#8221;<\/a><\/li>\n<li><a href=\"http:\/\/www.anti-defamation.pl\/english\/wp-content\/uploads\/2016\/10\/2018-01-05-informacja-prasowa-sukces-Newsweek.pdf\">2018-01-05 Prze\u0142omowy wyrok s\u0105du! Newsweek.pl musi opublikowa\u0107 sprostowanie<\/a><\/li>\n<li><a href=\"http:\/\/www.anti-defamation.pl\/english\/wp-content\/uploads\/2016\/10\/2017-12-19-informacja-prasowaHaaretz-dodatkowe-dowody.pdf\">2017-12-19 Reduta Dobrego Imienia udowadnia uporczywo\u015b\u0107 szkalowania Polski przez Haaretz<\/a><\/li>\n<li><a href=\"http:\/\/www.anti-defamation.pl\/english\/wp-content\/uploads\/2016\/10\/2017-12-05-informacja-prasowa-The-Jewish-News.pdf\">2017-12-05 Prze\u0142omowe postanowienie s\u0105du w sprawie The Jewish News \u2013 s\u0105d kaza\u0142 usun\u0105\u0107 z internetu materia\u0142 szkaluj\u0105cy Polak\u00f3w!<\/a><\/li>\n<li><a href=\"http:\/\/www.anti-defamation.pl\/english\/wp-content\/uploads\/2016\/10\/2017-11-23-informacja-prasowa-Support-Poland.pdf\">2017-11-23 Support Poland! Wspieraj Polsk\u0119! &#8211; zapraszamy na konferencj\u0119<\/a><\/li>\n<li><a href=\"http:\/\/www.anti-defamation.pl\/english\/wp-content\/uploads\/2016\/10\/2017-11-16-informacja-prasowa-PE.pdf\">2017-11-16 Reduta sk\u0142ada dwa pozwy przeciwko europarlamentarzy\u015bcie Guyowi Verhofstadtowi<\/a><\/li>\n<li><a href=\"http:\/\/www.anti-defamation.pl\/english\/wp-content\/uploads\/2016\/10\/2017-10-19-informacja-prasowa-pomoc-w-sprawie-Facebooka.pdf\">2017-10-19\u00a0Apel RDI &#8211; pro\u015bba o\u00a0pomoc w sprawie przeciwko Facebookowi<\/a><\/li>\n<li><a href=\"http:\/\/www.anti-defamation.pl\/english\/wp-content\/uploads\/2016\/10\/2017-10-18-informacja-prasowa-petycja-Corriere-della-Sera.pdf\">2017-10-18 Petycja przeciwko Corriere della Sera: do\u015b\u0107 k\u0142amstw!<\/a><\/li>\n<li><a href=\"http:\/\/www.anti-defamation.pl\/english\/wp-content\/uploads\/2016\/10\/2017-10-12-informacja-prasowa-FAZ2-1.pdf\">2017-10-12 Jest pozew przeciwko FAZ<\/a><\/li>\n<li><a href=\"http:\/\/www.anti-defamation.pl\/english\/wp-content\/uploads\/2016\/10\/2017-08-23-informacja-prasowa-Niemcy-chc\u0105-by\u0107-ekspertami-od-polskiego-antysemityzmu.pdf\">2017-08-23 Niemcy chc\u0105 by\u0107 ekspertami od polskiego antysemityzmu!<\/a><\/li>\n<li><a href=\"http:\/\/www.anti-defamation.pl\/english\/wp-content\/uploads\/2016\/10\/2017-07-25-informacja-prasowa-kolejna-rozprawa-Onet.pdf\">2017-07-25 Kolejna rozprawa Onet.pl &#8211; zeznawali fotoedytor i redaktor naczelny<\/a><\/li>\n<li><a href=\"http:\/\/www.anti-defamation.pl\/english\/wp-content\/uploads\/2017\/07\/2017-07-21-informacja-prasowa-bbc-i-le-parisien.pdf\">2017-07-21 Dwa nowe pozwy w obronie prawdy historycznej! BBC\u00a0i Le Parisien<\/a><\/li>\n<li><a href=\"http:\/\/www.anti-defamation.pl\/english\/wp-content\/uploads\/2016\/10\/2017-06-19-informacja-prasowa-podrecznik-do-historii-odpowiedz-z-wydawnictwa-2.pdf\">2017-06-19 Podr\u0119cznik do historii &#8211; odpowied\u017a z wydawnictwa Ernst Klett<\/a><\/li>\n<li><a href=\"http:\/\/www.anti-defamation.pl\/english\/wp-content\/uploads\/2016\/10\/2017-06-07-PL-informacja-Grabowski.pdf\">2017-06-07 O\u015bwiadczenie w sprawie dzia\u0142alno\u015bci Jana Grabowskiego<\/a><\/li>\n<li><a href=\"http:\/\/www.anti-defamation.pl\/english\/wp-content\/uploads\/2016\/10\/2017-06-07-PL-Grabowski-stanowisko.pdf\">2017-06-07 Stanowisko naukowc\u00f3w wobec dzia\u0142alno\u015bci Jana Grabowskiego<\/a><\/li>\n<li><a href=\"http:\/\/www.anti-defamation.pl\/english\/wp-content\/uploads\/2016\/10\/2017-05-26-informacja-prasowa-NMNO-oddalone-zazalenie.pdf\">2017-05-26 &#8222;Nasze Matki, nasi Ojcowie&#8221; &#8211; s\u0105d apelacyjny oddali\u0142 za\u017calenie ZDF<\/a><\/li>\n<li><a href=\"http:\/\/www.anti-defamation.pl\/english\/wp-content\/uploads\/2016\/10\/2017-05-25-informacja-prasowa-pozew-elpais.pdf\">2017-05-25 Z\u0142o\u017cyli\u015bmy pozew cywilny przeciwko hiszpa\u0144skiemu El Pais<\/a><\/li>\n<li><a href=\"http:\/\/www.anti-defamation.pl\/english\/wp-content\/uploads\/2016\/10\/2017-05-22-informacja-prasowa-zolnierzeprzekleci-prokuratura-umarza-sledztwo.pdf\">2017-05-22 Blog &#8222;\u017colnierzeprzekl\u0119ci&#8221; &#8211; prokuratura umarza \u015bledztwo<\/a><\/li>\n<li><a href=\"http:\/\/www.anti-defamation.pl\/english\/wp-content\/uploads\/2017\/05\/2017-05-17-oswiadczenie-na-temat-relacji-polsko-ukrainskich.pdf\">2017-05-17 O\u015bwiadczenie RDI na temat relacji polsko-ukrai\u0144skich<\/a><\/li>\n<li><a href=\"http:\/\/www.anti-defamation.pl\/english\/wp-content\/uploads\/2016\/10\/2017-05-16-informacja-prasowa-po-rozprawie-NMNO.pdf\">2017-05-16 Polski s\u0105d proponuje posiedzenie wyjazdowe w Niemczech \u2013 po rozprawie NMNO<\/a><\/li>\n<li><a href=\"http:\/\/www.anti-defamation.pl\/english\/wp-content\/uploads\/2016\/10\/2017-05-12-informacja-prasowa-NMNO-zapowiedz-rozprawy.pdf\">2017-05-12 &#8222;Nasze Matki, nasi Ojcowie&#8221; &#8211; zapowiedz rozprawy<\/a><\/li>\n<li><a href=\"http:\/\/www.anti-defamation.pl\/english\/wp-content\/uploads\/2016\/10\/2017-04-28-informacja-prasowa-odby\u0142a-si\u0119-druga-rozprawa-przeciwko-Onet.pdf\">2017-04-28 Odby\u0142a si\u0119 druga rozprawa przeciwko Onet<\/a><\/li>\n<li><a href=\"http:\/\/www.anti-defamation.pl\/english\/wp-content\/uploads\/2016\/10\/2017-04-26-informacja-prasowa-kolejna-rozprawa-przeciwko-Onet-1.pdf\">2017-04-26 Kolejna rozprawa przeciwko Onet &#8211; zapowied\u017a<\/a><\/li>\n<li><a href=\"http:\/\/www.anti-defamation.pl\/english\/wp-content\/uploads\/2016\/10\/2017-03-30-informacja-prasowa-umorzone-post\u0119powanie-w-sprawie-ok\u0142adki-Newsweeka.pdf\">2017-03-30 Post\u0119powanie prokuratorskie w sprawie ok\u0142adki &#8222;Newsweeka&#8221; &#8211; decyzja i uzasadnienie<\/a><\/li>\n<li><a href=\"http:\/\/www.anti-defamation.pl\/english\/wp-content\/uploads\/2016\/10\/2017-03-23-informacja-prasowa-premiera-filmu-Z-Wilna-do-nieba.pdf\">2017-03-23 Premiera filmu &#8222;Z Wilna do nieba&#8221;<\/a><\/li>\n<li><a href=\"http:\/\/www.anti-defamation.pl\/english\/wp-content\/uploads\/2016\/10\/2017-03-18-informacja-prasowa-analiza-prasy-niemieckiej-po-wyborze-D.Tuska-na-przewodniczacego-Rady-Europejskiej.pdf\">2017-03-18 Analiza prasy niemieckiej po wyborze D. Tuska na przewodnicz\u0105cego Rady Europejskiej<\/a><\/li>\n<li><a href=\"http:\/\/www.anti-defamation.pl\/english\/wp-content\/uploads\/2016\/10\/2017-03-13-informacja-prasowa-petycja-ws.-Teatru-Powszechnego.pdf\">2017-03-13 Petycja ws. Teatru Powszechnego i braku dzia\u0142a\u0144 Prezydent m.st. Warszawy<\/a><\/li>\n<li><a href=\"http:\/\/www.anti-defamation.pl\/english\/wp-content\/uploads\/2016\/10\/2017-03-06-informacja-prasowa-klatwa.pdf\">2017-03-06 Stanowisko RDI wobec wydarze\u0144 w Teatrze Powszechnym i dzia\u0142a\u0144 podj\u0119tych przez organy pa\u0144stwa<\/a><\/li>\n<li><a href=\"http:\/\/www.anti-defamation.pl\/english\/wp-content\/uploads\/2016\/10\/2017-02-28-informacja-prasowa-Newsweek-kolejny-pozew.pdf\">2017-02-28 Kolejny pozew przeciwko Newsweekowi<\/a><\/li>\n<li><a href=\"http:\/\/www.anti-defamation.pl\/english\/wp-content\/uploads\/2016\/10\/2017-02-27-informacja-prasowa-Facebook-odpowie-przed-polskim-sadem.pdf\">2017-02-27 Sukces Reduty Dobrego Imienia. Facebook odpowie przed polskim s\u0105dem wed\u0142ug polskiego prawa!<\/a><\/li>\n<li><a href=\"http:\/\/www.anti-defamation.pl\/english\/wp-content\/uploads\/2016\/10\/2017-02-15-informacja-prasowa-rusza-proces-przeciw-onet-pl.pdf\">2017-02-15 Rusza proces przeciw Onet.pl za zniewa\u017cenie bohaterskich Polek<\/a><\/li>\n<li><a href=\"http:\/\/www.anti-defamation.pl\/english\/wp-content\/uploads\/2016\/10\/2017-02-03-informacja-prasowa-ANSA3-1.pdf\">2017-02-03 Presja ma sens!\u00a02 mln wys\u0142anych maili do agencji ANSA<\/a><\/li>\n<li><a href=\"http:\/\/www.anti-defamation.pl\/english\/wp-content\/uploads\/2016\/10\/2017-02-03-informacja-prasowa-Antyradio-zg%C5%82oszone-do-prokuratury-1.pdf\">2017-02-03 Antyradio\u00a0&#8211; zg\u0142oszenie do prokuratury<\/a><\/li>\n<li><a href=\"http:\/\/www.anti-defamation.pl\/english\/wp-content\/uploads\/2016\/10\/2017-02-03-informacja-prasowa-ANSA3.pdf\">2017-02-03 Presja ma sens! Ponad 2 mln wys\u0142anych wiadomo\u015bci! ANSA przeprasza<\/a><\/li>\n<li><a href=\"http:\/\/www.anti-defamation.pl\/english\/wp-content\/uploads\/2016\/10\/2017-02-01-informacja-prasowa-ANSA2.pdf\">2017-02-01 Kolejne k\u0142amstwo w\u0142oskiej ANSY<\/a><\/li>\n<li><a href=\"http:\/\/www.anti-defamation.pl\/english\/wp-content\/uploads\/2016\/10\/2017-01-22-informacja-prasowa-ksiazka-Luszczyny.pdf\">2017-01-22 O\u015bwiadczenie w sprawie ksi\u0105\u017cki Marka \u0141uszczyny i artyku\u0142u w Newsweeku na jej temat<\/a><\/li>\n<li><a href=\"http:\/\/www.anti-defamation.pl\/english\/wp-content\/uploads\/2016\/10\/2017-01-20-informacja-prasowa-pierwsza-rozprawa-przeciwko-Hansowi-G..pdf\">2017-01-20 Pierwsza rozprawa przeciwko Hansowi.G<\/a><\/li>\n<li><a href=\"http:\/\/www.anti-defamation.pl\/english\/wp-content\/uploads\/2016\/10\/2017-01-13-informacja-prasowa-amazon.ca_.pdf\">2017-01-13 Polska flaga na wycieraczce &#8211; sprawa amazon.ca<\/a><\/li>\n<li><a href=\"http:\/\/www.anti-defamation.pl\/english\/wp-content\/uploads\/2016\/10\/2016-12-29-informacja-prasowa-Walka-z-Newsweekiem-trwa-1.pdf\">2016-12-29 Walka z &#8222;Newsweekiem&#8221; trwa &#8211; S\u0105d Okr\u0119gowy uzna\u0142 za\u017calenie Reduty<\/a><\/li>\n<li><a href=\"http:\/\/www.anti-defamation.pl\/english\/wp-content\/uploads\/2016\/10\/2016-12-13-informacja-prasowa-spoleczny-trybunal-narodowy-pierwsze-posiedzenie-1.pdf\">2016-12-13 Spo\u0142eczny Trybuna\u0142 Narodowy &#8211; pierwsze posiedzenie<\/a><\/li>\n<li><a href=\"http:\/\/www.anti-defamation.pl\/english\/wp-content\/uploads\/2016\/10\/2016-12-09-informacja-prasowa-pozew-przeciw-Facebookowi.pdf\">2016-12-09 Prezes RDI z\u0142o\u017cy\u0142 pozew przeciw Facebookowi<\/a><\/li>\n<li><a href=\"http:\/\/www.anti-defamation.pl\/english\/wp-content\/uploads\/2016\/10\/2016-12-02-informacja-prasowa-wygrali\u015bmy-proces-z-tygodnikiem-WPROST.pdf\">2016-12-02 Wygrali\u015bmy proces z tygodnikiem &#8222;Wprost&#8221;<\/a><\/li>\n<li><a href=\"http:\/\/www.anti-defamation.pl\/english\/wp-content\/uploads\/2016\/10\/2016-11-25-informacja-prasowa-miesiac-dzialania-systemu-wykrywania-znies\u0142awien.pdf\">2016-11-25 Miesi\u0105c dzia\u0142ania systemu wykrywania znies\u0142awie\u0144 w internecie: raport<\/a><\/li>\n<li><a href=\"http:\/\/www.anti-defamation.pl\/english\/wp-content\/uploads\/2016\/10\/2016-11-17-informacja-prasowa-druga-rozprawa-w-sprawie-Nasze-Matki-na....pdf\">2016-11-17 Druga rozprawa w sprawie filmu &#8222;Nasze Matki, nasi Ojcowie&#8221;<\/a><\/li>\n<li><a href=\"http:\/\/www.anti-defamation.pl\/english\/wp-content\/uploads\/2016\/11\/2016-11-08-informacja-prasowa-spoleczny-trybunal-narodowy.pdf\">2016-11-08 Powo\u0142anie Spo\u0142ecznego\u00a0Trybuna\u0142u Narodowego<\/a><\/li>\n<li><a href=\"http:\/\/www.anti-defamation.pl\/english\/wp-content\/uploads\/2016\/10\/2016-11-04-informacja-prasowa-gra-miejska-i-koncert-12.11.2016.pdf\">2016-11-04 Informacja\u00a0o grze miejskiej i koncercie Jacka Kowalskiego &#8211; 12.11.2016<\/a><\/li>\n<li><a href=\"http:\/\/www.anti-defamation.pl\/english\/wp-content\/uploads\/2016\/10\/2016-10-25-informacja-prasowa-system-wykrywania-znies\u0142awie\u0144.pdf\">2016-10-25 Uruchomili\u015bmy internetowy\u00a0system wykrywania znies\u0142awie\u0144<\/a><\/li>\n<li><a href=\"http:\/\/www.anti-defamation.pl\/english\/wp-content\/uploads\/2016\/10\/2016-09-13-informacja-prasowa-przygotowali\u015bmy-dokument-o-reformach-rz\u0105dowych.pdf\">2016-09-13 Przygotowali\u015bmy dokument o reformach rz\u0105dowych<\/a><\/li>\n<li><a href=\"http:\/\/www.anti-defamation.pl\/english\/wp-content\/uploads\/2016\/10\/2016-09-12-informacja-prasowa-obchody-17-wrzesnia.pdf\">2016-09-12 Komunikat dotycz\u0105cy wydarze\u0144 17 wrze\u015bnia<\/a><\/li>\n<\/ul>\n<p>&nbsp;<\/p>\n","protected":false},"excerpt":{"rendered":"<p>Media contact: Office number: + 48 570 226 122 Reduta Dobrego Imienia &#8211; \u00a0The Polish League against Defamation Foundation kontakt@reduta-dobrego-imienia.pl Press releases: 2018-04-17 Rozprawa &#8222;Nasze matki, nasi ojcowie&#8221;: zeznania wsp\u00f3\u0142producenta, prezesa UFA Fiction 2018-03-13 Rozprawa &#8222;Nasze matki, nasi ojcowie&#8221;: konsultant historyczny nagle przerywa zeznania 2018-03-06 EN Statement of the RDI the claim brought in against [&hellip;]<\/p>\n","protected":false},"author":3,"featured_media":471295,"parent":0,"menu_order":0,"comment_status":"closed","ping_status":"closed","template":"","meta":{"_et_pb_use_builder":"","_et_pb_old_content":"","_et_gb_content_width":"","sfsi_plus_gutenberg_text_before_share":"","sfsi_plus_gutenberg_show_text_before_share":"","sfsi_plus_gutenberg_icon_type":"","sfsi_plus_gutenberg_icon_alignemt":"","sfsi_plus_gutenburg_max_per_row":"","footnotes":""},"class_list":["post-470946","page","type-page","status-publish","has-post-thumbnail","hentry"],"_links":{"self":[{"href":"https:\/\/rdi.org.pl\/english\/wp-json\/wp\/v2\/pages\/470946","targetHints":{"allow":["GET"]}}],"collection":[{"href":"https:\/\/rdi.org.pl\/english\/wp-json\/wp\/v2\/pages"}],"about":[{"href":"https:\/\/rdi.org.pl\/english\/wp-json\/wp\/v2\/types\/page"}],"author":[{"embeddable":true,"href":"https:\/\/rdi.org.pl\/english\/wp-json\/wp\/v2\/users\/3"}],"replies":[{"embeddable":true,"href":"https:\/\/rdi.org.pl\/english\/wp-json\/wp\/v2\/comments?post=470946"}],"version-history":[{"count":0,"href":"https:\/\/rdi.org.pl\/english\/wp-json\/wp\/v2\/pages\/470946\/revisions"}],"wp:featuredmedia":[{"embeddable":true,"href":"https:\/\/rdi.org.pl\/english\/wp-json\/wp\/v2\/media\/471295"}],"wp:attachment":[{"href":"https:\/\/rdi.org.pl\/english\/wp-json\/wp\/v2\/media?parent=470946"}],"curies":[{"name":"wp","href":"https:\/\/api.w.org\/{rel}","templated":true}]}}