{"id":972,"date":"2023-01-21T18:28:28","date_gmt":"2023-01-21T17:28:28","guid":{"rendered":"https:\/\/rdi.org.pl\/?page_id=972"},"modified":"2024-04-29T17:33:53","modified_gmt":"2024-04-29T15:33:53","slug":"contact","status":"publish","type":"page","link":"https:\/\/rdi.org.pl\/english\/contact\/","title":{"rendered":"Contact"},"content":{"rendered":"<p>[et_pb_section fb_built=&#8221;1&#8243; custom_padding_last_edited=&#8221;on|phone&#8221; _builder_version=&#8221;4.19.3&#8243; _module_preset=&#8221;default&#8221; background_color=&#8221;rgba(12,12,11,0.5)&#8221; background_image=&#8221;https:\/\/rdi.org.pl\/wp-content\/uploads\/2023\/01\/479-scaled.jpg&#8221; background_position=&#8221;bottom_center&#8221; background_vertical_offset=&#8221;69%&#8221; background_blend=&#8221;overlay&#8221; background_pattern_repeat=&#8221;repeat-x&#8221; custom_margin=&#8221;0px||0px||false|false&#8221; custom_padding=&#8221;55px||55px||true|false&#8221; custom_padding_tablet=&#8221;130px||110px||false|false&#8221; custom_padding_phone=&#8221;90px||70px||false|false&#8221; da_disable_devices=&#8221;off|off|off&#8221; global_colors_info=&#8221;{}&#8221; da_is_popup=&#8221;off&#8221; da_exit_intent=&#8221;off&#8221; da_has_close=&#8221;on&#8221; da_alt_close=&#8221;off&#8221; da_dark_close=&#8221;off&#8221; da_not_modal=&#8221;on&#8221; da_is_singular=&#8221;off&#8221; da_with_loader=&#8221;off&#8221; da_has_shadow=&#8221;on&#8221;][et_pb_row _builder_version=&#8221;4.19.3&#8243; _module_preset=&#8221;default&#8221; background_enable_color=&#8221;off&#8221; width=&#8221;90%&#8221; max_width=&#8221;1400px&#8221; custom_margin=&#8221;0px|auto|21px|auto|false|false&#8221; custom_padding=&#8221;0px||0px||false|false&#8221; box_shadow_style=&#8221;none&#8221; global_colors_info=&#8221;{}&#8221;][et_pb_column type=&#8221;4_4&#8243; _builder_version=&#8221;4.18.0&#8243; _module_preset=&#8221;default&#8221; global_colors_info=&#8221;{}&#8221;][et_pb_text _builder_version=&#8221;4.20.2&#8243; _module_preset=&#8221;default&#8221; header_4_font=&#8221;|700|||||||&#8221; header_4_text_align=&#8221;left&#8221; header_4_text_color=&#8221;#e71d26&#8243; header_4_font_size=&#8221;22px&#8221; custom_margin=&#8221;0px||9px||false|false&#8221; custom_margin_tablet=&#8221;0px||9px||false|false&#8221; custom_margin_phone=&#8221;0px||10px||false|false&#8221; custom_margin_last_edited=&#8221;on|phone&#8221; custom_padding=&#8221;0px||0px||false|false&#8221; header_4_font_size_tablet=&#8221;20px&#8221; header_4_font_size_phone=&#8221;19px&#8221; header_4_font_size_last_edited=&#8221;on|tablet&#8221; global_colors_info=&#8221;{}&#8221;]<\/p>\n<h4 style=\"text-align: center;\">Polish League Against Defamation<\/h4>\n<p>[\/et_pb_text][et_pb_text _builder_version=&#8221;4.20.2&#8243; _module_preset=&#8221;default&#8221; header_2_font=&#8221;|800|||||||&#8221; header_2_text_align=&#8221;center&#8221; header_2_text_color=&#8221;#FFFFFF&#8221; header_2_font_size=&#8221;47px&#8221; header_2_line_height=&#8221;1.1em&#8221; max_width_tablet=&#8221;100%&#8221; max_width_phone=&#8221;100%&#8221; max_width_last_edited=&#8221;off|desktop&#8221; custom_margin=&#8221;0px||0px||false|false&#8221; custom_padding=&#8221;0px||0px||false|false&#8221; header_2_font_size_tablet=&#8221;47px&#8221; header_2_font_size_phone=&#8221;30px&#8221; header_2_font_size_last_edited=&#8221;on|phone&#8221; global_colors_info=&#8221;{}&#8221;]<\/p>\n<h2><strong>Contact<\/strong><\/h2>\n<p>[\/et_pb_text][\/et_pb_column][\/et_pb_row][\/et_pb_section][et_pb_section fb_built=&#8221;1&#8243; custom_padding_last_edited=&#8221;on|tablet&#8221; _builder_version=&#8221;4.19.3&#8243; _module_preset=&#8221;default&#8221; background_enable_image=&#8221;off&#8221; background_size=&#8221;contain&#8221; background_position=&#8221;center_right&#8221; background_horizontal_offset=&#8221;100%&#8221; custom_margin=&#8221;0px|7px|0px||false|false&#8221; custom_padding=&#8221;36px||0px||false|false&#8221; custom_padding_tablet=&#8221;110px||110px||false|false&#8221; custom_padding_phone=&#8221;90px||90px||false|false&#8221; da_disable_devices=&#8221;off|off|off&#8221; global_colors_info=&#8221;{}&#8221; da_is_popup=&#8221;off&#8221; da_exit_intent=&#8221;off&#8221; da_has_close=&#8221;on&#8221; da_alt_close=&#8221;off&#8221; da_dark_close=&#8221;off&#8221; da_not_modal=&#8221;on&#8221; da_is_singular=&#8221;off&#8221; da_with_loader=&#8221;off&#8221; da_has_shadow=&#8221;on&#8221;][et_pb_row use_custom_gutter=&#8221;on&#8221; _builder_version=&#8221;4.19.3&#8243; _module_preset=&#8221;default&#8221; background_enable_color=&#8221;off&#8221; max_width=&#8221;1400px&#8221; custom_margin=&#8221;0px|auto|18px|auto|false|false&#8221; custom_margin_last_edited=&#8221;off|desktop&#8221; custom_padding=&#8221;0px||0px||false|false&#8221; box_shadow_style=&#8221;none&#8221; global_colors_info=&#8221;{}&#8221;][et_pb_column type=&#8221;4_4&#8243; _builder_version=&#8221;4.19.3&#8243; _module_preset=&#8221;default&#8221; custom_padding=&#8221;15px||||false|false&#8221; custom_padding_tablet=&#8221;0px||||false|false&#8221; custom_padding_phone=&#8221;0px||||false|false&#8221; custom_padding_last_edited=&#8221;on|tablet&#8221; animation_style=&#8221;fade&#8221; animation_speed_curve=&#8221;ease&#8221; global_colors_info=&#8221;{}&#8221;][et_pb_text _builder_version=&#8221;4.20.2&#8243; _module_preset=&#8221;default&#8221; text_font=&#8221;Catamaran|300|||||||&#8221; text_text_color=&#8221;#74787c&#8221; text_font_size=&#8221;18px&#8221; header_2_font=&#8221;|800|||||||&#8221; header_2_text_align=&#8221;left&#8221; header_2_text_color=&#8221;#1a1a1a&#8221; header_2_font_size=&#8221;37px&#8221; header_2_line_height=&#8221;1.1em&#8221; max_width_tablet=&#8221;100%&#8221; max_width_phone=&#8221;100%&#8221; max_width_last_edited=&#8221;on|tablet&#8221; custom_margin=&#8221;0px||12px||false|false&#8221; custom_padding=&#8221;0px||23px||false|false&#8221; header_2_font_size_tablet=&#8221;47px&#8221; header_2_font_size_phone=&#8221;30px&#8221; header_2_font_size_last_edited=&#8221;on|phone&#8221; global_colors_info=&#8221;{}&#8221;]<\/p>\n<h2><span>Foundation Reduta Dobrego Imienia &#8211; Polish League against Defamation<\/span><\/h2>\n<p>[\/et_pb_text][et_pb_text _builder_version=&#8221;4.20.2&#8243; _module_preset=&#8221;default&#8221; text_font=&#8221;Catamaran|300|||||||&#8221; text_text_color=&#8221;#74787c&#8221; text_font_size=&#8221;18px&#8221; header_2_font=&#8221;|800|||||||&#8221; header_2_text_align=&#8221;left&#8221; header_2_text_color=&#8221;#1a1a1a&#8221; header_2_font_size=&#8221;37px&#8221; header_2_line_height=&#8221;1.1em&#8221; max_width_tablet=&#8221;100%&#8221; max_width_phone=&#8221;100%&#8221; max_width_last_edited=&#8221;on|tablet&#8221; custom_margin=&#8221;0px||12px||false|false&#8221; custom_padding=&#8221;0px||23px||false|false&#8221; header_2_font_size_tablet=&#8221;47px&#8221; header_2_font_size_phone=&#8221;30px&#8221; header_2_font_size_last_edited=&#8221;on|phone&#8221; global_colors_info=&#8221;{}&#8221;]<\/p>\n<h4>If you need help, support or want to ask us something please contact us:<\/h4>\n<p>[\/et_pb_text][\/et_pb_column][\/et_pb_row][et_pb_row column_structure=&#8221;1_3,1_3,1_3&#8243; use_custom_gutter=&#8221;on&#8221; _builder_version=&#8221;4.19.3&#8243; _module_preset=&#8221;default&#8221; background_enable_color=&#8221;off&#8221; max_width=&#8221;1400px&#8221; custom_margin=&#8221;0px|auto|53px|auto|false|false&#8221; custom_margin_last_edited=&#8221;off|desktop&#8221; custom_padding=&#8221;0px||0px||false|false&#8221; box_shadow_style=&#8221;none&#8221; global_colors_info=&#8221;{}&#8221;][et_pb_column type=&#8221;1_3&#8243; _builder_version=&#8221;4.19.3&#8243; _module_preset=&#8221;default&#8221; custom_padding=&#8221;15px||||false|false&#8221; custom_padding_tablet=&#8221;0px||||false|false&#8221; custom_padding_phone=&#8221;0px||||false|false&#8221; custom_padding_last_edited=&#8221;on|tablet&#8221; animation_style=&#8221;fade&#8221; animation_speed_curve=&#8221;ease&#8221; global_colors_info=&#8221;{}&#8221;][et_pb_text _builder_version=&#8221;4.20.2&#8243; _module_preset=&#8221;default&#8221; header_2_font=&#8221;|800|||||||&#8221; header_2_text_align=&#8221;left&#8221; header_2_text_color=&#8221;#1a1a1a&#8221; header_2_font_size=&#8221;29px&#8221; header_2_line_height=&#8221;1.1em&#8221; max_width=&#8221;600px&#8221; max_width_tablet=&#8221;100%&#8221; max_width_phone=&#8221;100%&#8221; max_width_last_edited=&#8221;on|tablet&#8221; custom_margin=&#8221;0px||12px||false|false&#8221; custom_padding=&#8221;0px||23px||false|false&#8221; header_2_font_size_tablet=&#8221;47px&#8221; header_2_font_size_phone=&#8221;30px&#8221; header_2_font_size_last_edited=&#8221;on|phone&#8221; global_colors_info=&#8221;{}&#8221;]<\/p>\n<h2><span>Office<\/span><\/h2>\n<p>[\/et_pb_text][et_pb_blurb use_icon=&#8221;on&#8221; font_icon=&#8221;&#xe081;||divi||400&#8243; icon_color=&#8221;#e71d26&#8243; icon_placement=&#8221;left&#8221; image_icon_width=&#8221;20px&#8221; content_max_width=&#8221;300px&#8221; _builder_version=&#8221;4.19.3&#8243; _module_preset=&#8221;default&#8221; header_font=&#8221;Catamaran|300|||||||&#8221; header_text_color=&#8221;#74787c&#8221; body_font=&#8221;|300|||||||&#8221; body_font_size=&#8221;18px&#8221; image_icon_custom_margin=&#8221;|||0px|false|false&#8221; image_icon_custom_padding=&#8221;|||0px|false|false&#8221; width=&#8221;300px&#8221; module_alignment=&#8221;left&#8221; custom_margin=&#8221;0px|0px|0px|0px|false|false&#8221; custom_padding=&#8221;0px|0px|19px|0px|false|false&#8221; global_colors_info=&#8221;{}&#8221;]<\/p>\n<p style=\"text-align: left;\"><span>ul. Grzybowska 4 lok. 197<\/span><br \/><span>00-131 Warszawa<\/span><\/p>\n<p>[\/et_pb_blurb][et_pb_blurb use_icon=&#8221;on&#8221; font_icon=&#8221;&#xe090;||divi||400&#8243; icon_color=&#8221;#e71d26&#8243; icon_placement=&#8221;left&#8221; image_icon_width=&#8221;20px&#8221; content_max_width=&#8221;300px&#8221; _builder_version=&#8221;4.20.2&#8243; _module_preset=&#8221;default&#8221; header_font=&#8221;|300|||||||&#8221; header_text_color=&#8221;#74787c&#8221; body_font=&#8221;|300|||||||&#8221; body_font_size=&#8221;16px&#8221; width=&#8221;300px&#8221; module_alignment=&#8221;left&#8221; custom_margin=&#8221;0px|0px|0px|0px|false|false&#8221; custom_padding=&#8221;0px|0px|19px|0px|false|false&#8221; global_colors_info=&#8221;{}&#8221;]<\/p>\n<p>+48 22 414 26 11<\/p>\n<p>[\/et_pb_blurb][et_pb_blurb title=&#8221;kontakt@rdi.org.pl&#8221; use_icon=&#8221;on&#8221; font_icon=&#8221;&#xe076;||divi||400&#8243; icon_color=&#8221;#e71d26&#8243; icon_placement=&#8221;left&#8221; image_icon_width=&#8221;20px&#8221; content_max_width=&#8221;300px&#8221; _builder_version=&#8221;4.19.3&#8243; _module_preset=&#8221;default&#8221; header_font=&#8221;Catamaran|300|||||||&#8221; header_text_color=&#8221;#74787c&#8221; body_font=&#8221;|300|||||||&#8221; body_font_size=&#8221;18px&#8221; width=&#8221;300px&#8221; module_alignment=&#8221;left&#8221; custom_margin=&#8221;0px|0px|0px|0px|false|false&#8221; custom_padding=&#8221;0px|0px|19px|0px|false|false&#8221; global_colors_info=&#8221;{}&#8221;][\/et_pb_blurb][et_pb_blurb title=&#8221;znieslawienia@rdi.org.pl&#8221; use_icon=&#8221;on&#8221; font_icon=&#8221;&#xe076;||divi||400&#8243; icon_color=&#8221;#e71d26&#8243; icon_placement=&#8221;left&#8221; image_icon_width=&#8221;20px&#8221; content_max_width=&#8221;300px&#8221; _builder_version=&#8221;4.19.3&#8243; _module_preset=&#8221;default&#8221; header_font=&#8221;Catamaran|300|||||||&#8221; header_text_color=&#8221;#74787c&#8221; body_font=&#8221;|300|||||||&#8221; body_font_size=&#8221;18px&#8221; width=&#8221;300px&#8221; module_alignment=&#8221;left&#8221; custom_margin=&#8221;0px|0px|0px|0px|false|false&#8221; custom_padding=&#8221;0px|0px|19px|0px|false|false&#8221; global_colors_info=&#8221;{}&#8221;][\/et_pb_blurb][et_pb_blurb title=&#8221;sekretariat@rdi.org.pl&#8221; use_icon=&#8221;on&#8221; font_icon=&#8221;&#xe076;||divi||400&#8243; icon_color=&#8221;#e71d26&#8243; icon_placement=&#8221;left&#8221; image_icon_width=&#8221;20px&#8221; content_max_width=&#8221;300px&#8221; _builder_version=&#8221;4.20.2&#8243; _module_preset=&#8221;default&#8221; header_font=&#8221;Catamaran|300|||||||&#8221; header_text_color=&#8221;#74787c&#8221; body_font=&#8221;|300|||||||&#8221; body_font_size=&#8221;18px&#8221; width=&#8221;300px&#8221; module_alignment=&#8221;left&#8221; custom_margin=&#8221;0px|0px|0px|0px|false|false&#8221; custom_padding=&#8221;0px|0px|19px|0px|false|false&#8221; global_colors_info=&#8221;{}&#8221;][\/et_pb_blurb][et_pb_blurb use_icon=&#8221;on&#8221; font_icon=&#8221;&#xe059;||divi||400&#8243; icon_color=&#8221;#e71d26&#8243; icon_placement=&#8221;left&#8221; image_icon_width=&#8221;20px&#8221; content_max_width=&#8221;300px&#8221; _builder_version=&#8221;4.20.2&#8243; _module_preset=&#8221;default&#8221; header_font=&#8221;Catamaran|300|||||||&#8221; header_text_color=&#8221;#74787c&#8221; body_font=&#8221;|300|||||||&#8221; body_font_size=&#8221;18px&#8221; width=&#8221;300px&#8221; module_alignment=&#8221;left&#8221; custom_margin=&#8221;0px|0px|0px|0px|false|false&#8221; custom_padding=&#8221;0px|0px|19px|0px|false|false&#8221; global_colors_info=&#8221;{}&#8221;]<\/p>\n<p><span><span style=\"color: #808080;\">KRS: 0000486992<\/span><\/span><\/p>\n<p><span style=\"color: #808080;\">NIP: 5252575180<\/span><\/p>\n<p><span style=\"color: #808080;\">REGON: 147001764<\/span><\/p>\n<p>[\/et_pb_blurb][et_pb_text _builder_version=&#8221;4.20.2&#8243; _module_preset=&#8221;default&#8221; header_2_font=&#8221;|800|||||||&#8221; header_2_text_align=&#8221;left&#8221; header_2_text_color=&#8221;#1a1a1a&#8221; header_2_font_size=&#8221;29px&#8221; header_2_line_height=&#8221;1.1em&#8221; max_width=&#8221;600px&#8221; max_width_tablet=&#8221;100%&#8221; max_width_phone=&#8221;100%&#8221; max_width_last_edited=&#8221;on|tablet&#8221; custom_margin=&#8221;0px||12px||false|false&#8221; custom_padding=&#8221;0px||7px||false|false&#8221; header_2_font_size_tablet=&#8221;47px&#8221; header_2_font_size_phone=&#8221;30px&#8221; header_2_font_size_last_edited=&#8221;on|phone&#8221; global_colors_info=&#8221;{}&#8221;]<\/p>\n<h2><span><\/span><\/h2>\n<h2><span><\/span><\/h2>\n<h2><span><\/span><\/h2>\n<h2><span><\/span><\/h2>\n<h2><span>Contact form<\/span><\/h2>\n<p>[\/et_pb_text][et_pb_text _builder_version=&#8221;4.19.3&#8243; _module_preset=&#8221;default&#8221; global_colors_info=&#8221;{}&#8221;]<\/p>\n<p><span><div class=\"wpforms-container wpforms-container-full\" id=\"wpforms-469149\"><form id=\"wpforms-form-469149\" class=\"wpforms-validate wpforms-form wpforms-ajax-form\" data-formid=\"469149\" method=\"post\" enctype=\"multipart\/form-data\" action=\"\/english\/wp-json\/wp\/v2\/pages\/972\" data-token=\"569716db3f44a2f0e797eb2aadc38ff3\"><noscript class=\"wpforms-error-noscript\">Aby wype\u0142ni\u0107 ten formularz, w\u0142\u0105cz obs\u0142ug\u0119 JavaScript w przegl\u0105darce.<\/noscript><div class=\"wpforms-field-container\"><div id=\"wpforms-469149-field_9-container\" class=\"wpforms-field wpforms-field-text\" data-field-id=\"9\"><label class=\"wpforms-field-label\" for=\"wpforms-469149-field_9\">Name and Surname:<\/label><input type=\"text\" id=\"wpforms-469149-field_9\" class=\"wpforms-field-medium\" name=\"wpforms[fields][9]\" ><\/div><div id=\"wpforms-469149-field_11-container\" class=\"wpforms-field wpforms-field-email\" data-field-id=\"11\"><label class=\"wpforms-field-label\" for=\"wpforms-469149-field_11\">e-mail adress : <span class=\"wpforms-required-label\">*<\/span><\/label><input type=\"email\" id=\"wpforms-469149-field_11\" class=\"wpforms-field-medium wpforms-field-required\" name=\"wpforms[fields][11]\" required><\/div><div id=\"wpforms-469149-field_12-container\" class=\"wpforms-field wpforms-field-textarea\" data-field-id=\"12\"><label class=\"wpforms-field-label\" for=\"wpforms-469149-field_12\">Message:<\/label><textarea id=\"wpforms-469149-field_12\" class=\"wpforms-field-medium\" name=\"wpforms[fields][12]\" ><\/textarea><\/div><div id=\"wpforms-469149-field_27-container\" class=\"wpforms-field wpforms-field-checkbox\" data-field-id=\"27\"><ul id=\"wpforms-469149-field_27\" class=\"wpforms-field-required\"><li class=\"choice-1 depth-1\"><input type=\"checkbox\" id=\"wpforms-469149-field_27_1\" name=\"wpforms[fields][27][]\" value=\"I consent to the collection and processing of my personal data by the Polish Anti-Defamation League foundation and to receive information in electronic forms: newsletter, e-mail, SMS.\" required ><label class=\"wpforms-field-label-inline\" for=\"wpforms-469149-field_27_1\">I consent to the collection and processing of my personal data by the Polish Anti-Defamation League foundation and to receive information in electronic forms: newsletter, e-mail, SMS.<\/label><\/li><\/ul><\/div><div id=\"wpforms-469149-field_31-container\" class=\"wpforms-field wpforms-field-html\" data-field-id=\"31\"><div id=\"wpforms-469149-field_31\"><p style=\"font-size: 12px;\">This site is protected by reCAPTCHA and Google \r\n<a href=\"https:\/\/policies.google.com\/privacy\">Privacy Policy<\/a> and  <a href=\"https:\/\/policies.google.com\/terms\">Terms of Service <\/a>apply.<\/p><\/div><\/div><\/div><input type=\"hidden\" name=\"wpforms[recaptcha]\" value=\"\"><div class=\"wpforms-submit-container\"><input type=\"hidden\" name=\"wpforms[id]\" value=\"469149\"><input type=\"hidden\" name=\"wpforms[author]\" value=\"1\"><button type=\"submit\" name=\"wpforms[submit]\" id=\"wpforms-submit-469149\" class=\"wpforms-submit\" data-alt-text=\"Wysy\u0142anie ...\" data-submit-text=\"Send a message\" aria-live=\"assertive\" value=\"wpforms-submit\">Send a message<\/button><img loading=\"lazy\" decoding=\"async\" src=\"https:\/\/rdi.org.pl\/english\/wp-content\/plugins\/wpforms\/assets\/images\/submit-spin.svg\" class=\"wpforms-submit-spinner\" style=\"display: none;\" width=\"26\" height=\"26\" alt=\"Wczytywanie\"><\/div><\/form><\/div>  <!-- .wpforms-container --><\/span><\/p>\n<p>[\/et_pb_text][\/et_pb_column][et_pb_column type=&#8221;1_3&#8243; _builder_version=&#8221;4.19.3&#8243; _module_preset=&#8221;default&#8221; global_colors_info=&#8221;{}&#8221;][et_pb_image src=&#8221;https:\/\/rdi.org.pl\/wp-content\/uploads\/2023\/02\/sekretariat-10022023.png&#8221; title_text=&#8221;sekretariat 10022023&#8243; align=&#8221;center&#8221; _builder_version=&#8221;4.19.3&#8243; _module_preset=&#8221;default&#8221; width=&#8221;300px&#8221; global_colors_info=&#8221;{}&#8221;][\/et_pb_image][\/et_pb_column][et_pb_column type=&#8221;1_3&#8243; _builder_version=&#8221;4.19.3&#8243; _module_preset=&#8221;default&#8221; global_colors_info=&#8221;{}&#8221;][\/et_pb_column][\/et_pb_row][\/et_pb_section]<\/p>\n","protected":false},"excerpt":{"rendered":"<p>Polish League Against DefamationContactFoundation Reduta Dobrego Imienia &#8211; Polish League against DefamationIf you need help, support or want to ask us something please contact us:Officeul. Grzybowska 4 lok. 19700-131 Warszawa+48 22 414 26 11KRS: 0000486992 NIP: 5252575180 REGON: 147001764 Contact form<div class=\"wpforms-container wpforms-container-full\" id=\"wpforms-469149\"><form id=\"wpforms-form-469149\" class=\"wpforms-validate wpforms-form wpforms-ajax-form\" data-formid=\"469149\" method=\"post\" enctype=\"multipart\/form-data\" action=\"\/english\/wp-json\/wp\/v2\/pages\/972\" data-token=\"569716db3f44a2f0e797eb2aadc38ff3\"><noscript class=\"wpforms-error-noscript\">Aby wype\u0142ni\u0107 ten formularz, w\u0142\u0105cz obs\u0142ug\u0119 JavaScript w przegl\u0105darce.<\/noscript><div class=\"wpforms-field-container\"><div id=\"wpforms-469149-field_9-container\" class=\"wpforms-field wpforms-field-text\" data-field-id=\"9\"><label class=\"wpforms-field-label\" for=\"wpforms-469149-field_9\">Name and Surname:<\/label><input type=\"text\" id=\"wpforms-469149-field_9\" class=\"wpforms-field-medium\" name=\"wpforms[fields][9]\" ><\/div><div id=\"wpforms-469149-field_11-container\" class=\"wpforms-field wpforms-field-email\" data-field-id=\"11\"><label class=\"wpforms-field-label\" for=\"wpforms-469149-field_11\">e-mail adress : <span class=\"wpforms-required-label\">*<\/span><\/label><input type=\"email\" id=\"wpforms-469149-field_11\" class=\"wpforms-field-medium wpforms-field-required\" name=\"wpforms[fields][11]\" required><\/div><div id=\"wpforms-469149-field_12-container\" class=\"wpforms-field wpforms-field-textarea\" data-field-id=\"12\"><label class=\"wpforms-field-label\" for=\"wpforms-469149-field_12\">Message:<\/label><textarea id=\"wpforms-469149-field_12\" class=\"wpforms-field-medium\" name=\"wpforms[fields][12]\" ><\/textarea><\/div><div id=\"wpforms-469149-field_27-container\" class=\"wpforms-field wpforms-field-checkbox\" data-field-id=\"27\"><ul id=\"wpforms-469149-field_27\" class=\"wpforms-field-required\"><li class=\"choice-1 depth-1\"><input type=\"checkbox\" id=\"wpforms-469149-field_27_1\" name=\"wpforms[fields][27][]\" value=\"I consent to the collection and processing of my personal data by the Polish Anti-Defamation League foundation and to receive information in electronic forms: newsletter, e-mail, SMS.\" required ><label class=\"wpforms-field-label-inline\" for=\"wpforms-469149-field_27_1\">I consent to the collection and processing of my personal data by the Polish Anti-Defamation League foundation and to receive information in electronic forms: newsletter, e-mail, SMS.<\/label><\/li><\/ul><\/div><div id=\"wpforms-469149-field_31-container\" class=\"wpforms-field wpforms-field-html\" data-field-id=\"31\"><div id=\"wpforms-469149-field_31\"><p style=\"font-size: 12px;\">This site is protected by reCAPTCHA and Google \r\n<a href=\"https:\/\/policies.google.com\/privacy\">Privacy Policy<\/a> and  <a href=\"https:\/\/policies.google.com\/terms\">Terms of Service <\/a>apply.<\/p><\/div><\/div><\/div><input type=\"hidden\" name=\"wpforms[recaptcha]\" value=\"\"><div class=\"wpforms-submit-container\"><input type=\"hidden\" name=\"wpforms[id]\" value=\"469149\"><input type=\"hidden\" name=\"wpforms[author]\" value=\"1\"><button type=\"submit\" name=\"wpforms[submit]\" id=\"wpforms-submit-469149\" class=\"wpforms-submit\" data-alt-text=\"Wysy\u0142anie ...\" data-submit-text=\"Send a message\" aria-live=\"assertive\" value=\"wpforms-submit\">Send a message<\/button><img loading=\"lazy\" decoding=\"async\" src=\"https:\/\/rdi.org.pl\/english\/wp-content\/plugins\/wpforms\/assets\/images\/submit-spin.svg\" class=\"wpforms-submit-spinner\" style=\"display: none;\" width=\"26\" height=\"26\" alt=\"Wczytywanie\"><\/div><\/form><\/div>  <!-- .wpforms-container --><\/p>\n","protected":false},"author":1,"featured_media":471295,"parent":0,"menu_order":0,"comment_status":"closed","ping_status":"closed","template":"","meta":{"_et_pb_use_builder":"on","_et_pb_old_content":"","_et_gb_content_width":"","sfsi_plus_gutenberg_text_before_share":"","sfsi_plus_gutenberg_show_text_before_share":"","sfsi_plus_gutenberg_icon_type":"","sfsi_plus_gutenberg_icon_alignemt":"","sfsi_plus_gutenburg_max_per_row":"","footnotes":""},"class_list":["post-972","page","type-page","status-publish","has-post-thumbnail","hentry"],"_links":{"self":[{"href":"https:\/\/rdi.org.pl\/english\/wp-json\/wp\/v2\/pages\/972","targetHints":{"allow":["GET"]}}],"collection":[{"href":"https:\/\/rdi.org.pl\/english\/wp-json\/wp\/v2\/pages"}],"about":[{"href":"https:\/\/rdi.org.pl\/english\/wp-json\/wp\/v2\/types\/page"}],"author":[{"embeddable":true,"href":"https:\/\/rdi.org.pl\/english\/wp-json\/wp\/v2\/users\/1"}],"replies":[{"embeddable":true,"href":"https:\/\/rdi.org.pl\/english\/wp-json\/wp\/v2\/comments?post=972"}],"version-history":[{"count":29,"href":"https:\/\/rdi.org.pl\/english\/wp-json\/wp\/v2\/pages\/972\/revisions"}],"predecessor-version":[{"id":473312,"href":"https:\/\/rdi.org.pl\/english\/wp-json\/wp\/v2\/pages\/972\/revisions\/473312"}],"wp:featuredmedia":[{"embeddable":true,"href":"https:\/\/rdi.org.pl\/english\/wp-json\/wp\/v2\/media\/471295"}],"wp:attachment":[{"href":"https:\/\/rdi.org.pl\/english\/wp-json\/wp\/v2\/media?parent=972"}],"curies":[{"name":"wp","href":"https:\/\/api.w.org\/{rel}","templated":true}]}}